{"id":670,"date":"2025-05-11T12:11:01","date_gmt":"2025-05-11T12:11:01","guid":{"rendered":"https:\/\/taxikrk.vinvin.hr\/?page_id=670"},"modified":"2025-06-05T22:10:34","modified_gmt":"2025-06-05T22:10:34","slug":"o-nama","status":"publish","type":"page","link":"https:\/\/taxikrk.vinvin.hr\/en\/o-nama\/","title":{"rendered":"O nama"},"content":{"rendered":"<p>Obiteljska firma s naglaskom na sigurnost prijevoza, kvalitetu usluge i ukupnog do\u017eivljaja svakog putnika te smo s toga uvijek prvi izbor svih recepcija hotela i kampova u gradu Krku, a i \u0161ire. Sa nama je putovanje uvijek do\u017eivljaj, na\u0161i klijenti su ljudi koji se rado vra\u0107aju na na\u0161 otok i uvijek \u017eele nas kao pru\u017eatelja usluga prijevoza, pa postaju i vi\u0161e od klijenata, postaju na\u0161i dragi prijatelji.<\/p>\n<p>Ako zaista tra\u017eite<strong> najbolji taxi na otoku Krku<\/strong> samo nazovite, bit \u0107emo spremni za sve va\u0161e destinacije.<\/p>","protected":false},"excerpt":{"rendered":"<p>Obiteljska firma s naglaskom na sigurnost prijevoza, kvalitetu usluge i ukupnog do\u017eivljaja svakog putnika te smo s toga uvijek prvi izbor svih recepcija hotela i kampova u gradu Krku, a i \u0161ire. Sa nama je putovanje uvijek do\u017eivljaj, na\u0161i klijenti su ljudi koji se rado vra\u0107aju na na\u0161 otok i uvijek \u017eele nas kao pru\u017eatelja [&hellip;]<\/p>","protected":false},"author":1,"featured_media":671,"parent":0,"menu_order":0,"comment_status":"closed","ping_status":"closed","template":"","meta":{"footnotes":""},"class_list":["post-670","page","type-page","status-publish","has-post-thumbnail","hentry"],"_links":{"self":[{"href":"https:\/\/taxikrk.vinvin.hr\/en\/wp-json\/wp\/v2\/pages\/670","targetHints":{"allow":["GET"]}}],"collection":[{"href":"https:\/\/taxikrk.vinvin.hr\/en\/wp-json\/wp\/v2\/pages"}],"about":[{"href":"https:\/\/taxikrk.vinvin.hr\/en\/wp-json\/wp\/v2\/types\/page"}],"author":[{"embeddable":true,"href":"https:\/\/taxikrk.vinvin.hr\/en\/wp-json\/wp\/v2\/users\/1"}],"replies":[{"embeddable":true,"href":"https:\/\/taxikrk.vinvin.hr\/en\/wp-json\/wp\/v2\/comments?post=670"}],"version-history":[{"count":2,"href":"https:\/\/taxikrk.vinvin.hr\/en\/wp-json\/wp\/v2\/pages\/670\/revisions"}],"predecessor-version":[{"id":833,"href":"https:\/\/taxikrk.vinvin.hr\/en\/wp-json\/wp\/v2\/pages\/670\/revisions\/833"}],"wp:featuredmedia":[{"embeddable":true,"href":"https:\/\/taxikrk.vinvin.hr\/en\/wp-json\/wp\/v2\/media\/671"}],"wp:attachment":[{"href":"https:\/\/taxikrk.vinvin.hr\/en\/wp-json\/wp\/v2\/media?parent=670"}],"curies":[{"name":"wp","href":"https:\/\/api.w.org\/{rel}","templated":true}]}}